{"id":930,"date":"2023-02-15T08:16:53","date_gmt":"2023-02-15T07:16:53","guid":{"rendered":"https:\/\/macom360.alwaysdata.net\/mariellechaussures\/?page_id=930"},"modified":"2023-02-16T17:57:53","modified_gmt":"2023-02-16T16:57:53","slug":"mentions-legales","status":"publish","type":"page","link":"https:\/\/macom360.alwaysdata.net\/mariellechaussures\/mentions-legales\/","title":{"rendered":"Mentions L\u00e9gales"},"content":{"rendered":"\t\t<div data-elementor-type=\"wp-page\" data-elementor-id=\"930\" class=\"elementor elementor-930\">\n\t\t\t\t\t\t\t\t\t<section class=\"elementor-section elementor-top-section elementor-element elementor-element-5e8a9960 elementor-section-height-min-height elementor-section-boxed elementor-section-height-default elementor-section-items-middle\" data-id=\"5e8a9960\" data-element_type=\"section\" data-settings=\"{&quot;background_background&quot;:&quot;classic&quot;}\">\n\t\t\t\t\t\t<div class=\"elementor-container elementor-column-gap-no\">\n\t\t\t\t\t<div class=\"elementor-column elementor-col-33 elementor-top-column elementor-element elementor-element-72b4286b\" data-id=\"72b4286b\" data-element_type=\"column\">\n\t\t\t<div class=\"elementor-widget-wrap elementor-element-populated\">\n\t\t\t\t\t\t\t\t<div class=\"elementor-element elementor-element-4cb4a022 elementor-widget elementor-widget-image\" data-id=\"4cb4a022\" data-element_type=\"widget\" data-widget_type=\"image.default\">\n\t\t\t\t<div class=\"elementor-widget-container\">\n\t\t\t<style>\/*! elementor - v3.11.3 - 07-03-2023 *\/\n.elementor-widget-image{text-align:center}.elementor-widget-image a{display:inline-block}.elementor-widget-image a img[src$=\".svg\"]{width:48px}.elementor-widget-image img{vertical-align:middle;display:inline-block}<\/style>\t\t\t\t\t\t\t\t\t\t\t\t<img decoding=\"async\" src=\"http:\/\/macom360.alwaysdata.net\/mariellechaussures\/wp-content\/uploads\/2023\/02\/Chaussure-2.png\" title=\"\" alt=\"\" loading=\"lazy\" \/>\t\t\t\t\t\t\t\t\t\t\t\t\t\t\t<\/div>\n\t\t\t\t<\/div>\n\t\t\t\t\t<\/div>\n\t\t<\/div>\n\t\t\t\t<div class=\"elementor-column elementor-col-33 elementor-top-column elementor-element elementor-element-635a5e2e\" data-id=\"635a5e2e\" data-element_type=\"column\">\n\t\t\t<div class=\"elementor-widget-wrap elementor-element-populated\">\n\t\t\t\t\t\t\t\t<div class=\"elementor-element elementor-element-2dd9d02 elementor-widget elementor-widget-heading\" data-id=\"2dd9d02\" data-element_type=\"widget\" data-widget_type=\"heading.default\">\n\t\t\t\t<div class=\"elementor-widget-container\">\n\t\t\t<style>\/*! elementor - v3.11.3 - 07-03-2023 *\/\n.elementor-heading-title{padding:0;margin:0;line-height:1}.elementor-widget-heading .elementor-heading-title[class*=elementor-size-]>a{color:inherit;font-size:inherit;line-height:inherit}.elementor-widget-heading .elementor-heading-title.elementor-size-small{font-size:15px}.elementor-widget-heading .elementor-heading-title.elementor-size-medium{font-size:19px}.elementor-widget-heading .elementor-heading-title.elementor-size-large{font-size:29px}.elementor-widget-heading .elementor-heading-title.elementor-size-xl{font-size:39px}.elementor-widget-heading .elementor-heading-title.elementor-size-xxl{font-size:59px}<\/style><p class=\"elementor-heading-title elementor-size-default\">Marielle chaussures <\/p>\t\t<\/div>\n\t\t\t\t<\/div>\n\t\t\t\t\t<\/div>\n\t\t<\/div>\n\t\t\t\t<div class=\"elementor-column elementor-col-33 elementor-top-column elementor-element elementor-element-3c4b592f\" data-id=\"3c4b592f\" data-element_type=\"column\">\n\t\t\t<div class=\"elementor-widget-wrap elementor-element-populated\">\n\t\t\t\t\t\t\t\t<div class=\"elementor-element elementor-element-72cb861d elementor-widget elementor-widget-image\" data-id=\"72cb861d\" data-element_type=\"widget\" data-widget_type=\"image.default\">\n\t\t\t\t<div class=\"elementor-widget-container\">\n\t\t\t\t\t\t\t\t\t\t\t\t\t\t\t<img decoding=\"async\" src=\"http:\/\/macom360.alwaysdata.net\/mariellechaussures\/wp-content\/uploads\/2023\/02\/Chaussure-2.png\" title=\"\" alt=\"\" loading=\"lazy\" \/>\t\t\t\t\t\t\t\t\t\t\t\t\t\t\t<\/div>\n\t\t\t\t<\/div>\n\t\t\t\t\t<\/div>\n\t\t<\/div>\n\t\t\t\t\t\t\t<\/div>\n\t\t<\/section>\n\t\t\t\t<section class=\"elementor-section elementor-top-section elementor-element elementor-element-395c4040 elementor-section-boxed elementor-section-height-default elementor-section-height-default\" data-id=\"395c4040\" data-element_type=\"section\" data-settings=\"{&quot;background_background&quot;:&quot;classic&quot;}\">\n\t\t\t\t\t\t<div class=\"elementor-container elementor-column-gap-default\">\n\t\t\t\t\t<div class=\"elementor-column elementor-col-100 elementor-top-column elementor-element elementor-element-756c53c8\" data-id=\"756c53c8\" data-element_type=\"column\" data-settings=\"{&quot;background_background&quot;:&quot;classic&quot;}\">\n\t\t\t<div class=\"elementor-widget-wrap elementor-element-populated\">\n\t\t\t\t\t\t\t\t<div class=\"elementor-element elementor-element-3bbcdda elementor-widget elementor-widget-heading\" data-id=\"3bbcdda\" data-element_type=\"widget\" data-widget_type=\"heading.default\">\n\t\t\t\t<div class=\"elementor-widget-container\">\n\t\t\t<div class=\"elementor-heading-title elementor-size-default\">Magasin de chaussures hommes et femmes  au Grau d'Agde<\/div>\t\t<\/div>\n\t\t\t\t<\/div>\n\t\t\t\t\t<\/div>\n\t\t<\/div>\n\t\t\t\t\t\t\t<\/div>\n\t\t<\/section>\n\t\t\t\t<section class=\"elementor-section elementor-top-section elementor-element elementor-element-c8f6fcf elementor-section-boxed elementor-section-height-default elementor-section-height-default\" data-id=\"c8f6fcf\" data-element_type=\"section\">\n\t\t\t\t\t\t<div class=\"elementor-container elementor-column-gap-default\">\n\t\t\t\t\t<div class=\"elementor-column elementor-col-100 elementor-top-column elementor-element elementor-element-2e27c96\" data-id=\"2e27c96\" data-element_type=\"column\">\n\t\t\t<div class=\"elementor-widget-wrap elementor-element-populated\">\n\t\t\t\t\t\t\t\t<div class=\"elementor-element elementor-element-32c7546 elementor-widget elementor-widget-heading\" data-id=\"32c7546\" data-element_type=\"widget\" data-widget_type=\"heading.default\">\n\t\t\t\t<div class=\"elementor-widget-container\">\n\t\t\t<h1 class=\"elementor-heading-title elementor-size-default\">Mentions L\u00e9gales<\/h1>\t\t<\/div>\n\t\t\t\t<\/div>\n\t\t\t\t\t<\/div>\n\t\t<\/div>\n\t\t\t\t\t\t\t<\/div>\n\t\t<\/section>\n\t\t\t\t<section class=\"elementor-section elementor-top-section elementor-element elementor-element-003ca8b elementor-section-boxed elementor-section-height-default elementor-section-height-default\" data-id=\"003ca8b\" data-element_type=\"section\">\n\t\t\t\t\t\t<div class=\"elementor-container elementor-column-gap-default\">\n\t\t\t\t\t<div class=\"elementor-column elementor-col-100 elementor-top-column elementor-element elementor-element-fc8e278\" data-id=\"fc8e278\" data-element_type=\"column\">\n\t\t\t<div class=\"elementor-widget-wrap elementor-element-populated\">\n\t\t\t\t\t\t\t\t<div class=\"elementor-element elementor-element-8a772ee elementor-widget elementor-widget-text-editor\" data-id=\"8a772ee\" data-element_type=\"widget\" data-widget_type=\"text-editor.default\">\n\t\t\t\t<div class=\"elementor-widget-container\">\n\t\t\t<style>\/*! elementor - v3.11.3 - 07-03-2023 *\/\n.elementor-widget-text-editor.elementor-drop-cap-view-stacked .elementor-drop-cap{background-color:#818a91;color:#fff}.elementor-widget-text-editor.elementor-drop-cap-view-framed .elementor-drop-cap{color:#818a91;border:3px solid;background-color:transparent}.elementor-widget-text-editor:not(.elementor-drop-cap-view-default) .elementor-drop-cap{margin-top:8px}.elementor-widget-text-editor:not(.elementor-drop-cap-view-default) .elementor-drop-cap-letter{width:1em;height:1em}.elementor-widget-text-editor .elementor-drop-cap{float:left;text-align:center;line-height:1;font-size:50px}.elementor-widget-text-editor .elementor-drop-cap-letter{display:inline-block}<\/style>\t\t\t\t<p>Lorem ipsum dolor sit amet, consectetur adipiscing elit, sed do eiusmod tempor incididunt ut labore et dolore magna aliqua. A lacus vestibulum sed arcu. Laoreet id donec ultrices tincidunt arcu non sodales neque. Sollicitudin ac orci phasellus egestas tellus rutrum tellus pellentesque eu. Mauris in aliquam sem fringilla ut morbi tincidunt. Pretium nibh ipsum consequat nisl vel pretium lectus quam. Orci porta non pulvinar neque laoreet suspendisse interdum. Tempor commodo ullamcorper a lacus vestibulum sed arcu. Ut faucibus pulvinar elementum integer enim neque volutpat ac tincidunt. Fermentum iaculis eu non diam phasellus vestibulum. Sagittis orci a scelerisque purus semper. Adipiscing tristique risus nec feugiat in fermentum posuere urna. Fames ac turpis egestas maecenas pharetra convallis posuere morbi leo. Risus viverra adipiscing at in tellus integer feugiat. Interdum consectetur libero id faucibus nisl tincidunt eget. Aenean sed adipiscing diam donec adipiscing tristique risus nec feugiat. Sed viverra tellus in hac habitasse platea. At erat pellentesque adipiscing commodo elit at. Aliquam ut porttitor leo a.<\/p><p>Tincidunt vitae semper quis lectus nulla at volutpat diam ut. Hac habitasse platea dictumst vestibulum rhoncus est pellentesque elit ullamcorper. Eu volutpat odio facilisis mauris sit amet massa. Volutpat diam ut venenatis tellus in metus. Magna etiam tempor orci eu. Volutpat blandit aliquam etiam erat velit scelerisque in dictum. Dignissim diam quis enim lobortis scelerisque fermentum dui faucibus in. Et ultrices neque ornare aenean euismod. Egestas fringilla phasellus faucibus scelerisque eleifend donec pretium vulputate. Eu scelerisque felis imperdiet proin fermentum leo vel. Pretium vulputate sapien nec sagittis aliquam malesuada. Sagittis orci a scelerisque purus semper eget duis at. Nisl suscipit adipiscing bibendum est ultricies. Feugiat sed lectus vestibulum mattis ullamcorper velit sed. Viverra adipiscing at in tellus integer feugiat. Enim blandit volutpat maecenas volutpat blandit aliquam etiam erat velit. Nullam eget felis eget nunc lobortis mattis. Euismod elementum nisi quis eleifend.<\/p>\t\t\t\t\t\t<\/div>\n\t\t\t\t<\/div>\n\t\t\t\t\t<\/div>\n\t\t<\/div>\n\t\t\t\t\t\t\t<\/div>\n\t\t<\/section>\n\t\t\t\t\t\t\t<\/div>\n\t\t","protected":false},"excerpt":{"rendered":"<p>Marielle chaussures Magasin de chaussures hommes et femmes au Grau d&#8217;Agde Mentions L\u00e9gales Lorem ipsum dolor sit amet, consectetur adipiscing elit, sed do eiusmod tempor incididunt ut labore et dolore magna aliqua. A lacus vestibulum sed arcu. Laoreet id donec ultrices tincidunt arcu non sodales neque. Sollicitudin ac orci phasellus egestas tellus rutrum tellus pellentesque [&hellip;]<\/p>\n","protected":false},"author":1,"featured_media":0,"parent":0,"menu_order":0,"comment_status":"closed","ping_status":"closed","template":"","meta":{"footnotes":""},"class_list":["post-930","page","type-page","status-publish","hentry"],"yoast_head":"<!-- This site is optimized with the Yoast SEO plugin v20.2.1 - https:\/\/yoast.com\/wordpress\/plugins\/seo\/ -->\n<title>Mentions L\u00e9gales - Marielle Chaussures<\/title>\n<meta name=\"description\" content=\"Mentions L\u00e9gales - Marielle Chaussures. Magasin de Chaussures conforts et \u00e9l\u00e9gants pour hommes et femmes situ\u00e9 au Grau d&#039;Agde.\" \/>\n<meta name=\"robots\" content=\"index, follow, max-snippet:-1, max-image-preview:large, max-video-preview:-1\" \/>\n<link rel=\"canonical\" href=\"https:\/\/macom360.alwaysdata.net\/mariellechaussures\/mentions-legales\/\" \/>\n<meta property=\"og:locale\" content=\"en_US\" \/>\n<meta property=\"og:type\" content=\"article\" \/>\n<meta property=\"og:title\" content=\"Mentions L\u00e9gales - Marielle Chaussures\" \/>\n<meta property=\"og:description\" content=\"Mentions L\u00e9gales - Marielle Chaussures. Magasin de Chaussures conforts et \u00e9l\u00e9gants pour hommes et femmes situ\u00e9 au Grau d&#039;Agde.\" \/>\n<meta property=\"og:url\" content=\"https:\/\/macom360.alwaysdata.net\/mariellechaussures\/mentions-legales\/\" \/>\n<meta property=\"og:site_name\" content=\"Marielle Chaussures\" \/>\n<meta property=\"article:modified_time\" content=\"2023-02-16T16:57:53+00:00\" \/>\n<meta property=\"og:image\" content=\"http:\/\/macom360.alwaysdata.net\/mariellechaussures\/wp-content\/uploads\/2023\/02\/Chaussure-2.png\" \/>\n<meta name=\"twitter:card\" content=\"summary_large_image\" \/>\n<meta name=\"twitter:label1\" content=\"Est. reading time\" \/>\n\t<meta name=\"twitter:data1\" content=\"2 minutes\" \/>\n<script type=\"application\/ld+json\" class=\"yoast-schema-graph\">{\"@context\":\"https:\/\/schema.org\",\"@graph\":[{\"@type\":\"WebPage\",\"@id\":\"https:\/\/macom360.alwaysdata.net\/mariellechaussures\/mentions-legales\/\",\"url\":\"https:\/\/macom360.alwaysdata.net\/mariellechaussures\/mentions-legales\/\",\"name\":\"Mentions L\u00e9gales - Marielle Chaussures\",\"isPartOf\":{\"@id\":\"https:\/\/macom360.alwaysdata.net\/mariellechaussures\/#website\"},\"datePublished\":\"2023-02-15T07:16:53+00:00\",\"dateModified\":\"2023-02-16T16:57:53+00:00\",\"description\":\"Mentions L\u00e9gales - Marielle Chaussures. Magasin de Chaussures conforts et \u00e9l\u00e9gants pour hommes et femmes situ\u00e9 au Grau d'Agde.\",\"breadcrumb\":{\"@id\":\"https:\/\/macom360.alwaysdata.net\/mariellechaussures\/mentions-legales\/#breadcrumb\"},\"inLanguage\":\"en-US\",\"potentialAction\":[{\"@type\":\"ReadAction\",\"target\":[\"https:\/\/macom360.alwaysdata.net\/mariellechaussures\/mentions-legales\/\"]}]},{\"@type\":\"BreadcrumbList\",\"@id\":\"https:\/\/macom360.alwaysdata.net\/mariellechaussures\/mentions-legales\/#breadcrumb\",\"itemListElement\":[{\"@type\":\"ListItem\",\"position\":1,\"name\":\"Accueil\",\"item\":\"https:\/\/macom360.alwaysdata.net\/mariellechaussures\/\"},{\"@type\":\"ListItem\",\"position\":2,\"name\":\"Mentions L\u00e9gales\"}]},{\"@type\":\"WebSite\",\"@id\":\"https:\/\/macom360.alwaysdata.net\/mariellechaussures\/#website\",\"url\":\"https:\/\/macom360.alwaysdata.net\/mariellechaussures\/\",\"name\":\"Marielle Chaussures\",\"description\":\"Magasin de chaussures au Grau d&#039;Agde\",\"publisher\":{\"@id\":\"https:\/\/macom360.alwaysdata.net\/mariellechaussures\/#organization\"},\"potentialAction\":[{\"@type\":\"SearchAction\",\"target\":{\"@type\":\"EntryPoint\",\"urlTemplate\":\"https:\/\/macom360.alwaysdata.net\/mariellechaussures\/?s={search_term_string}\"},\"query-input\":\"required name=search_term_string\"}],\"inLanguage\":\"en-US\"},{\"@type\":\"Organization\",\"@id\":\"https:\/\/macom360.alwaysdata.net\/mariellechaussures\/#organization\",\"name\":\"Marielle Chaussures\",\"url\":\"https:\/\/macom360.alwaysdata.net\/mariellechaussures\/\",\"logo\":{\"@type\":\"ImageObject\",\"inLanguage\":\"en-US\",\"@id\":\"https:\/\/macom360.alwaysdata.net\/mariellechaussures\/#\/schema\/logo\/image\/\",\"url\":\"https:\/\/macom360.alwaysdata.net\/mariellechaussures\/wp-content\/uploads\/2023\/02\/Logo-Marielle-CHaussures-2.png\",\"contentUrl\":\"https:\/\/macom360.alwaysdata.net\/mariellechaussures\/wp-content\/uploads\/2023\/02\/Logo-Marielle-CHaussures-2.png\",\"width\":2188,\"height\":625,\"caption\":\"Marielle Chaussures\"},\"image\":{\"@id\":\"https:\/\/macom360.alwaysdata.net\/mariellechaussures\/#\/schema\/logo\/image\/\"}}]}<\/script>\n<!-- \/ Yoast SEO plugin. -->","yoast_head_json":{"title":"Mentions L\u00e9gales - Marielle Chaussures","description":"Mentions L\u00e9gales - Marielle Chaussures. Magasin de Chaussures conforts et \u00e9l\u00e9gants pour hommes et femmes situ\u00e9 au Grau d'Agde.","robots":{"index":"index","follow":"follow","max-snippet":"max-snippet:-1","max-image-preview":"max-image-preview:large","max-video-preview":"max-video-preview:-1"},"canonical":"https:\/\/macom360.alwaysdata.net\/mariellechaussures\/mentions-legales\/","og_locale":"en_US","og_type":"article","og_title":"Mentions L\u00e9gales - Marielle Chaussures","og_description":"Mentions L\u00e9gales - Marielle Chaussures. Magasin de Chaussures conforts et \u00e9l\u00e9gants pour hommes et femmes situ\u00e9 au Grau d'Agde.","og_url":"https:\/\/macom360.alwaysdata.net\/mariellechaussures\/mentions-legales\/","og_site_name":"Marielle Chaussures","article_modified_time":"2023-02-16T16:57:53+00:00","og_image":[{"url":"http:\/\/macom360.alwaysdata.net\/mariellechaussures\/wp-content\/uploads\/2023\/02\/Chaussure-2.png"}],"twitter_card":"summary_large_image","twitter_misc":{"Est. reading time":"2 minutes"},"schema":{"@context":"https:\/\/schema.org","@graph":[{"@type":"WebPage","@id":"https:\/\/macom360.alwaysdata.net\/mariellechaussures\/mentions-legales\/","url":"https:\/\/macom360.alwaysdata.net\/mariellechaussures\/mentions-legales\/","name":"Mentions L\u00e9gales - Marielle Chaussures","isPartOf":{"@id":"https:\/\/macom360.alwaysdata.net\/mariellechaussures\/#website"},"datePublished":"2023-02-15T07:16:53+00:00","dateModified":"2023-02-16T16:57:53+00:00","description":"Mentions L\u00e9gales - Marielle Chaussures. Magasin de Chaussures conforts et \u00e9l\u00e9gants pour hommes et femmes situ\u00e9 au Grau d'Agde.","breadcrumb":{"@id":"https:\/\/macom360.alwaysdata.net\/mariellechaussures\/mentions-legales\/#breadcrumb"},"inLanguage":"en-US","potentialAction":[{"@type":"ReadAction","target":["https:\/\/macom360.alwaysdata.net\/mariellechaussures\/mentions-legales\/"]}]},{"@type":"BreadcrumbList","@id":"https:\/\/macom360.alwaysdata.net\/mariellechaussures\/mentions-legales\/#breadcrumb","itemListElement":[{"@type":"ListItem","position":1,"name":"Accueil","item":"https:\/\/macom360.alwaysdata.net\/mariellechaussures\/"},{"@type":"ListItem","position":2,"name":"Mentions L\u00e9gales"}]},{"@type":"WebSite","@id":"https:\/\/macom360.alwaysdata.net\/mariellechaussures\/#website","url":"https:\/\/macom360.alwaysdata.net\/mariellechaussures\/","name":"Marielle Chaussures","description":"Magasin de chaussures au Grau d&#039;Agde","publisher":{"@id":"https:\/\/macom360.alwaysdata.net\/mariellechaussures\/#organization"},"potentialAction":[{"@type":"SearchAction","target":{"@type":"EntryPoint","urlTemplate":"https:\/\/macom360.alwaysdata.net\/mariellechaussures\/?s={search_term_string}"},"query-input":"required name=search_term_string"}],"inLanguage":"en-US"},{"@type":"Organization","@id":"https:\/\/macom360.alwaysdata.net\/mariellechaussures\/#organization","name":"Marielle Chaussures","url":"https:\/\/macom360.alwaysdata.net\/mariellechaussures\/","logo":{"@type":"ImageObject","inLanguage":"en-US","@id":"https:\/\/macom360.alwaysdata.net\/mariellechaussures\/#\/schema\/logo\/image\/","url":"https:\/\/macom360.alwaysdata.net\/mariellechaussures\/wp-content\/uploads\/2023\/02\/Logo-Marielle-CHaussures-2.png","contentUrl":"https:\/\/macom360.alwaysdata.net\/mariellechaussures\/wp-content\/uploads\/2023\/02\/Logo-Marielle-CHaussures-2.png","width":2188,"height":625,"caption":"Marielle Chaussures"},"image":{"@id":"https:\/\/macom360.alwaysdata.net\/mariellechaussures\/#\/schema\/logo\/image\/"}}]}},"_links":{"self":[{"href":"https:\/\/macom360.alwaysdata.net\/mariellechaussures\/wp-json\/wp\/v2\/pages\/930","targetHints":{"allow":["GET"]}}],"collection":[{"href":"https:\/\/macom360.alwaysdata.net\/mariellechaussures\/wp-json\/wp\/v2\/pages"}],"about":[{"href":"https:\/\/macom360.alwaysdata.net\/mariellechaussures\/wp-json\/wp\/v2\/types\/page"}],"author":[{"embeddable":true,"href":"https:\/\/macom360.alwaysdata.net\/mariellechaussures\/wp-json\/wp\/v2\/users\/1"}],"replies":[{"embeddable":true,"href":"https:\/\/macom360.alwaysdata.net\/mariellechaussures\/wp-json\/wp\/v2\/comments?post=930"}],"version-history":[{"count":21,"href":"https:\/\/macom360.alwaysdata.net\/mariellechaussures\/wp-json\/wp\/v2\/pages\/930\/revisions"}],"predecessor-version":[{"id":1019,"href":"https:\/\/macom360.alwaysdata.net\/mariellechaussures\/wp-json\/wp\/v2\/pages\/930\/revisions\/1019"}],"wp:attachment":[{"href":"https:\/\/macom360.alwaysdata.net\/mariellechaussures\/wp-json\/wp\/v2\/media?parent=930"}],"curies":[{"name":"wp","href":"https:\/\/api.w.org\/{rel}","templated":true}]}}